{"id":294,"date":"2024-03-10T14:20:10","date_gmt":"2024-03-10T14:20:10","guid":{"rendered":"https:\/\/npf.al\/?page_id=294"},"modified":"2024-03-10T14:21:01","modified_gmt":"2024-03-10T14:21:01","slug":"histori-te-suksesshme-ne-elbasan","status":"publish","type":"page","link":"https:\/\/npf.al\/en\/histori-te-suksesshme-ne-elbasan\/","title":{"rendered":"Histori t\u00eb suksesshme n\u00eb Elbasan"},"content":{"rendered":"<div data-elementor-type=\"wp-page\" data-elementor-id=\"294\" class=\"elementor elementor-294\">\n\t\t\t\t\t\t<section class=\"elementor-section elementor-top-section elementor-element elementor-element-c56a2d0 elementor-section-boxed elementor-section-height-default elementor-section-height-default\" data-id=\"c56a2d0\" data-element_type=\"section\">\n\t\t\t\t\t\t<div class=\"elementor-container elementor-column-gap-default\">\n\t\t\t\t\t<div class=\"aux-parallax-section elementor-column elementor-col-100 elementor-top-column elementor-element elementor-element-d907d4d\" data-id=\"d907d4d\" data-element_type=\"column\">\n\t\t\t<div class=\"elementor-widget-wrap elementor-element-populated\">\n\t\t\t\t\t\t<div class=\"elementor-element elementor-element-f61c362 aux-appear-watch-animation aux-fade-in elementor-widget elementor-widget-aux_modern_heading\" data-id=\"f61c362\" data-element_type=\"widget\" data-widget_type=\"aux_modern_heading.default\">\n\t\t\t\t<div class=\"elementor-widget-container\">\n\t\t\t<section class=\"aux-widget-modern-heading\">\n            <div class=\"aux-widget-inner\"><h2 class=\"aux-modern-heading-primary\">SHKOLLA T\u00cb NDIHMON T\u00cb B\u00cbSH NJ\u00cb JET\u00cb M\u00cb T\u00cb MIR\u00cb!\n\n<\/h2><div class=\"aux-modern-heading-divider\"><\/div><div class=\"aux-modern-heading-description\"><p>G.C \u00ebsht\u00eb nj\u00eb i ri nga qyteti i Elbasanit, t\u00eb cilit jeta nuk i ka buz\u00ebqeshur, por e ka v\u00ebn\u00eb p\u00ebrball\u00eb provash shum\u00eb t\u00eb v\u00ebshtira qysh her\u00ebt kur ai ishte ende nj\u00eb f\u00ebmij\u00eb. I lindur nga nj\u00eb lidhje jasht\u00ebmartesore, G.C n\u00eb mosh\u00ebn 10 vje\u00e7 u nda p\u00ebrgjithnj\u00eb me t\u00eb jatin q\u00eb nd\u00ebrroi jet\u00eb. E \u00ebma zgjodhi rrug\u00ebn e emigrimit, duke marr\u00eb me vete f\u00ebmij\u00ebn e saj, por q\u00eb nuk mund t\u00eb rrinin dot bashk\u00eb p\u00ebr shum\u00eb koh\u00eb. N\u00eb k\u00ebto kushte G. C kthehet n\u00eb Shqip\u00ebri, p\u00ebr t\u00eb jetuar me gjysh\u00ebrit, t\u00eb cil\u00ebt p\u00a8rkujdeseshin gjithashtu edhe p\u00ebr v\u00ebllan\u00eb e tij t\u00eb s\u00ebmur\u00eb. P\u00ebr G.C k\u00ebshtu nisi jeta si burr\u00eb i sht\u00ebpis\u00eb, p\u00ebr t\u2019i sh\u00ebrbyer v\u00ebllait t\u00eb s\u00ebmur\u00eb, por edhe p\u00ebr t\u2019u kujdesur p\u00ebr familjen, pasi gjyshi i tij ishte i alkolizuar.<\/p><p>N\u00eb k\u00ebt\u00eb periudh\u00eb t\u00eb jet\u00ebs s\u00eb tij shum\u00eb t\u00eb v\u00ebshtir\u00eb, G. C u identifikua nga m\u00ebsuesit dhe punonj\u00ebsit sociale t\u00eb projektit \u201cArsim Alternativ dhe Formim Profesional\u201d, q\u00eb zbatohej nga Fondacioni \u201cNdihm\u00eb p\u00ebr F\u00ebmij\u00ebt\u201d n\u00eb Elbasan.<\/p><p>Ai u sistemua n\u00eb klasat e administruara nga ky projekt n\u00eb shkollen 8-vje\u00e7are publike \u201cSul Misiri\u201d, ku ndoqi studimet p\u00ebr 8 vjet radhazi. G.C ishte nj\u00eb f\u00ebmj\u00eb i zgjuar dhe shum\u00eb i shkath\u00ebt, duke u dalluar mbi bashk\u00ebmoshatar\u00ebt e tij. K\u00ebto ishin edhe avantazhet q\u00eb i dhan\u00eb atij mund\u00ebsin\u00eb q\u00eb t\u00eb ndiqte shkoll\u00ebn, por nj\u00ebkoh\u00ebsisht edhe t\u00eb punonte, p\u00ebr t\u2019I ardhur n\u00eb ndihm\u00eb familjes. N\u00eb \u00e7do hap q\u00eb b\u00ebnte G.C mb\u00ebshtetej dhe k\u00ebshillohej nga m\u00ebsuesit dhe punonj\u00ebsit sociale t\u00eb projektit, t\u00eb cil\u00ebt e ndihmuan G.C t\u00eb besonte se vet\u00ebm shkollimi dhe m\u00ebsimi i nj\u00eb zanati do ta \u00e7lironte nga varf\u00ebria dhe t\u00eb krijonte nj\u00eb t\u00eb ardhme m\u00eb t\u00eb mir\u00eb.<\/p><p>Me shum\u00eb vullnet ai ndoqi praktik\u00ebn profesionale n\u00eb nj\u00eb repart duralumini dhe n\u00eb pak koh\u00eb ai arriti t\u00eb perfeksiononte nj\u00eb zanat, q\u00eb m\u00eb pas do t\u00eb bej puna e tij. Sjellja shum\u00eb e mir\u00eb dhe p\u00ebrkushtimi i tij n\u00eb pun\u00eb b\u00ebn\u00eb q\u00eb n\u00eb nj\u00eb koh\u00eb shum\u00eb t\u00eb shkurt\u00ebr ai t\u00eb pun\u00ebsohej n\u00eb k\u00ebt\u00eb repart. Ai fitoi jo vet\u00ebm nj\u00eb profesion, por edhe aft\u00ebsin\u00eb p\u00ebr t\u00eb menaxhuar jet\u00ebn e tij dhe t\u00eb familjar\u00ebve, n\u00eb m\u00ebnyr\u00eb dinjitoze, edhe pse fati i solli nj\u00eb goditje tjeter, humbjen e parakohshme t\u00eb n\u00ebn\u00ebs s\u00eb tij.<\/p><p>Tani pas shum\u00eb vitesh, G.C viziton shpesh shkoll\u00ebn ku m\u00ebsoi, ruan lidhjet me m\u00ebsuesit e tij, duke ruajtur respect t\u00eb thell\u00eb p\u00ebr ta. Kur \u00ebsht\u00eb i pranish\u00ebm n\u00eb aktivitete edukative t\u00eb shkoll\u00ebs, asnj\u00ebher\u00eb nuk harron t\u2019u thot\u00eb f\u00ebmij\u00ebve: \u201cShkolla t\u00eb ndihmon t\u00eb b\u00ebsh nj\u00eb jet\u00eb me t\u00eb mir\u00eb\u2026.\u201d<\/p><\/div><\/div>\n        <\/section>\t\t<\/div>\n\t\t\t\t<\/div>\n\t\t\t\t\t<\/div>\n\t\t<\/div>\n\t\t\t\t\t<\/div>\n\t\t<\/section>\n\t\t\t\t<\/div>","protected":false},"excerpt":{"rendered":"<p>SHKOLLA T\u00cb NDIHMON T\u00cb B\u00cbSH NJ\u00cb JET\u00cb M\u00cb T\u00cb MIR\u00cb! G.C \u00ebsht\u00eb nj\u00eb i ri nga qyteti i Elbasanit, t\u00eb cilit jeta nuk i ka buz\u00ebqeshur, por e ka v\u00ebn\u00eb p\u00ebrball\u00eb provash shum\u00eb t\u00eb v\u00ebshtira qysh her\u00ebt kur ai ishte ende nj\u00eb f\u00ebmij\u00eb. I lindur nga nj\u00eb lidhje jasht\u00ebmartesore, G.C n\u00eb mosh\u00ebn 10 vje\u00e7 u [&hellip;]<\/p>","protected":false},"author":1,"featured_media":0,"parent":0,"menu_order":0,"comment_status":"closed","ping_status":"closed","template":"","meta":{"footnotes":""},"class_list":["post-294","page","type-page","status-publish","hentry"],"_links":{"self":[{"href":"https:\/\/npf.al\/en\/wp-json\/wp\/v2\/pages\/294","targetHints":{"allow":["GET"]}}],"collection":[{"href":"https:\/\/npf.al\/en\/wp-json\/wp\/v2\/pages"}],"about":[{"href":"https:\/\/npf.al\/en\/wp-json\/wp\/v2\/types\/page"}],"author":[{"embeddable":true,"href":"https:\/\/npf.al\/en\/wp-json\/wp\/v2\/users\/1"}],"replies":[{"embeddable":true,"href":"https:\/\/npf.al\/en\/wp-json\/wp\/v2\/comments?post=294"}],"version-history":[{"count":5,"href":"https:\/\/npf.al\/en\/wp-json\/wp\/v2\/pages\/294\/revisions"}],"predecessor-version":[{"id":301,"href":"https:\/\/npf.al\/en\/wp-json\/wp\/v2\/pages\/294\/revisions\/301"}],"wp:attachment":[{"href":"https:\/\/npf.al\/en\/wp-json\/wp\/v2\/media?parent=294"}],"curies":[{"name":"wp","href":"https:\/\/api.w.org\/{rel}","templated":true}]}}