{"id":270,"date":"2024-03-10T14:13:20","date_gmt":"2024-03-10T14:13:20","guid":{"rendered":"https:\/\/npf.al\/?page_id=270"},"modified":"2025-04-14T13:59:24","modified_gmt":"2025-04-14T13:59:24","slug":"vizioni","status":"publish","type":"page","link":"https:\/\/npf.al\/en\/vizioni\/","title":{"rendered":"Vision"},"content":{"rendered":"<div data-elementor-type=\"wp-page\" data-elementor-id=\"270\" class=\"elementor elementor-270\">\n\t\t\t\t\t\t<section class=\"elementor-section elementor-top-section elementor-element elementor-element-9d194c2 elementor-section-boxed elementor-section-height-default elementor-section-height-default\" data-id=\"9d194c2\" data-element_type=\"section\">\n\t\t\t\t\t\t<div class=\"elementor-container elementor-column-gap-default\">\n\t\t\t\t\t<div class=\"aux-parallax-section elementor-column elementor-col-50 elementor-top-column elementor-element elementor-element-c7ff402\" data-id=\"c7ff402\" data-element_type=\"column\">\n\t\t\t<div class=\"elementor-widget-wrap elementor-element-populated\">\n\t\t\t\t\t\t<div class=\"elementor-element elementor-element-f3200ea elementor-widget elementor-widget-image\" data-id=\"f3200ea\" data-element_type=\"widget\" data-widget_type=\"image.default\">\n\t\t\t\t<div class=\"elementor-widget-container\">\n\t\t\t\t\t\t\t\t\t\t\t\t\t<img fetchpriority=\"high\" decoding=\"async\" width=\"960\" height=\"720\" src=\"https:\/\/npf.al\/wp-content\/uploads\/2024\/03\/photo-2.jpg\" class=\"attachment-large size-large wp-image-272\" alt=\"\" srcset=\"https:\/\/npf.al\/wp-content\/uploads\/2024\/03\/photo-2.jpg 960w, https:\/\/npf.al\/wp-content\/uploads\/2024\/03\/photo-2-200x150.jpg 200w\" sizes=\"(max-width: 960px) 100vw, 960px\" \/>\t\t\t\t\t\t\t\t\t\t\t\t\t<\/div>\n\t\t\t\t<\/div>\n\t\t\t\t\t<\/div>\n\t\t<\/div>\n\t\t\t\t<div class=\"aux-parallax-section elementor-column elementor-col-50 elementor-top-column elementor-element elementor-element-c7c72e6\" data-id=\"c7c72e6\" data-element_type=\"column\">\n\t\t\t<div class=\"elementor-widget-wrap elementor-element-populated\">\n\t\t\t\t\t\t<div class=\"elementor-element elementor-element-d96d5f8 aux-appear-watch-animation aux-scale-down elementor-widget elementor-widget-aux_modern_heading\" data-id=\"d96d5f8\" data-element_type=\"widget\" data-widget_type=\"aux_modern_heading.default\">\n\t\t\t\t<div class=\"elementor-widget-container\">\n\t\t\t<section class=\"aux-widget-modern-heading\">\n            <div class=\"aux-widget-inner\"><div class=\"aux-modern-heading-divider\"><\/div><h2 class=\"aux-modern-heading-primary\">\"Help for Children\" Foundation<\/h2><h3 class=\"aux-modern-heading-secondary\"><span class=\"aux-head-before\">Vision<\/span><\/h3><\/div>\n        <\/section>\t\t<\/div>\n\t\t\t\t<\/div>\n\t\t\t\t<div class=\"elementor-element elementor-element-12d208e elementor-widget__width-initial elementor-widget elementor-widget-text-editor\" data-id=\"12d208e\" data-element_type=\"widget\" data-widget_type=\"text-editor.default\">\n\t\t\t\t<div class=\"elementor-widget-container\">\n\t\t\t\t\t\t\t<p>NPF is positioned as a recognized and pro-active national civil society organization in the sectors of education, social integration and poverty alleviation, supporting children, families and marginalized communities through the implementation of effective projects\/programs funded by donors or the government which contribute to the implementation of local and national strategies and the integration of Albania in the European Union.<\/p>\t\t\t\t\t\t<\/div>\n\t\t\t\t<\/div>\n\t\t\t\t\t<\/div>\n\t\t<\/div>\n\t\t\t\t\t<\/div>\n\t\t<\/section>\n\t\t\t\t<\/div>","protected":false},"excerpt":{"rendered":"<p>Fondacioni &#8221; Ndihme per Femijet Vizioni NPF \u00ebsht\u00eb pozicionuar si nj\u00eb organizat\u00eb komb\u00ebtare e shoq\u00ebris\u00eb civile e njohur dhe pro-aktive n\u00eb sektor\u00ebt e arsimit, integrimit social dhe zbutjes s\u00eb varf\u00ebris\u00eb, duke mb\u00ebshtetur f\u00ebmij\u00ebt, familjet dhe komunitetet e marxhinalizuara p\u00ebrmes zbatimit t\u00eb projekteve\/programeve efektive t\u00eb financuara nga donator\u00ebt ose qeveria t\u00eb cilat kontribuojn\u00eb p\u00ebr zbatimin e [&hellip;]<\/p>","protected":false},"author":1,"featured_media":0,"parent":0,"menu_order":0,"comment_status":"closed","ping_status":"closed","template":"","meta":{"footnotes":""},"class_list":["post-270","page","type-page","status-publish","hentry"],"_links":{"self":[{"href":"https:\/\/npf.al\/en\/wp-json\/wp\/v2\/pages\/270","targetHints":{"allow":["GET"]}}],"collection":[{"href":"https:\/\/npf.al\/en\/wp-json\/wp\/v2\/pages"}],"about":[{"href":"https:\/\/npf.al\/en\/wp-json\/wp\/v2\/types\/page"}],"author":[{"embeddable":true,"href":"https:\/\/npf.al\/en\/wp-json\/wp\/v2\/users\/1"}],"replies":[{"embeddable":true,"href":"https:\/\/npf.al\/en\/wp-json\/wp\/v2\/comments?post=270"}],"version-history":[{"count":8,"href":"https:\/\/npf.al\/en\/wp-json\/wp\/v2\/pages\/270\/revisions"}],"predecessor-version":[{"id":1103,"href":"https:\/\/npf.al\/en\/wp-json\/wp\/v2\/pages\/270\/revisions\/1103"}],"wp:attachment":[{"href":"https:\/\/npf.al\/en\/wp-json\/wp\/v2\/media?parent=270"}],"curies":[{"name":"wp","href":"https:\/\/api.w.org\/{rel}","templated":true}]}}