{"id":1005,"date":"2025-04-11T10:16:02","date_gmt":"2025-04-11T10:16:02","guid":{"rendered":"https:\/\/npf.al\/?page_id=1005"},"modified":"2025-04-11T10:23:09","modified_gmt":"2025-04-11T10:23:09","slug":"mundesi-punesimi","status":"publish","type":"page","link":"https:\/\/npf.al\/en\/mundesi-punesimi\/","title":{"rendered":"Job Opportunities"},"content":{"rendered":"<div data-elementor-type=\"wp-page\" data-elementor-id=\"1005\" class=\"elementor elementor-1005\">\n\t\t\t\t\t\t<section class=\"elementor-section elementor-top-section elementor-element elementor-element-ac1519f elementor-section-boxed elementor-section-height-default elementor-section-height-default\" data-id=\"ac1519f\" data-element_type=\"section\">\n\t\t\t\t\t\t<div class=\"elementor-container elementor-column-gap-default\">\n\t\t\t\t\t<div class=\"aux-parallax-section elementor-column elementor-col-100 elementor-top-column elementor-element elementor-element-e2109ba\" data-id=\"e2109ba\" data-element_type=\"column\">\n\t\t\t<div class=\"elementor-widget-wrap elementor-element-populated\">\n\t\t\t\t\t\t<div class=\"elementor-element elementor-element-01a317e aux-appear-watch-animation aux-fade-in elementor-widget elementor-widget-aux_modern_heading\" data-id=\"01a317e\" data-element_type=\"widget\" data-widget_type=\"aux_modern_heading.default\">\n\t\t\t\t<div class=\"elementor-widget-container\">\n\t\t\t<section class=\"aux-widget-modern-heading\">\n            <div class=\"aux-widget-inner\"><h2 class=\"aux-modern-heading-primary\">Job Opportunities<\/h2><div class=\"aux-modern-heading-divider\"><\/div><\/div>\n        <\/section>\t\t<\/div>\n\t\t\t\t<\/div>\n\t\t\t\t\t<\/div>\n\t\t<\/div>\n\t\t\t\t\t<\/div>\n\t\t<\/section>\n\t\t\t\t<section class=\"elementor-section elementor-top-section elementor-element elementor-element-18b6144 elementor-section-boxed elementor-section-height-default elementor-section-height-default\" data-id=\"18b6144\" data-element_type=\"section\">\n\t\t\t\t\t\t<div class=\"elementor-container elementor-column-gap-default\">\n\t\t\t\t\t<div class=\"aux-parallax-section elementor-column elementor-col-100 elementor-top-column elementor-element elementor-element-0e8b7ca\" data-id=\"0e8b7ca\" data-element_type=\"column\">\n\t\t\t<div class=\"elementor-widget-wrap elementor-element-populated\">\n\t\t\t\t\t\t<div class=\"elementor-element elementor-element-ac790da elementor-widget elementor-widget-aux_recent_posts\" data-id=\"ac790da\" data-element_type=\"widget\" data-settings=\"{&quot;columns&quot;:&quot;2&quot;,&quot;columns_tablet&quot;:&quot;inherit&quot;,&quot;columns_mobile&quot;:&quot;1&quot;}\" data-widget_type=\"aux_recent_posts.default\">\n\t\t\t\t<div class=\"elementor-widget-container\">\n\t\t\t<section class=\"widget-container aux-widget-recent-posts aux-parent-auee54aa0a\"><div data-element-id=\"auee54aa0a\" class=\"aux-match-height aux-row aux-de-col2 aux-tb-col2 aux-mb-col1 aux-total-2 aux-grid-carousel-modern-layout aux-ajax-view\"><div class=\"aux-col post-769\">\n                        <article class=\"post column-entry post-769 type-post status-publish format-standard has-post-thumbnail hentry category-mundesi-punesimi\">\n                                                        <div class=\"entry-media\"><div class=\"aux-media-frame aux-media-image aux-image-mask\"><a href=\"https:\/\/npf.al\/en\/2024\/07\/10\/konsulent-e-per-ngritjen-e-bizneseve-te-vogla\/\"><img decoding=\"async\" src=\"https:\/\/npf.al\/wp-content\/uploads\/2024\/08\/hiring-recruitment-open-vacancy-design-info-label-template-we-are-hiring-join-our-team-announcement_384372-298-920x690.webp\" class=\"aux-attachment aux-featured-image attachment-920x690 aux-attachment-id-766\" alt=\"hiring-recruitment-open-vacancy-design-info-label-template-we-are-hiring-join-our-team-announcement_384372-298\" srcset=\"https:\/\/npf.al\/wp-content\/uploads\/2024\/08\/hiring-recruitment-open-vacancy-design-info-label-template-we-are-hiring-join-our-team-announcement_384372-298-150x113.webp 150w,https:\/\/npf.al\/wp-content\/uploads\/2024\/08\/hiring-recruitment-open-vacancy-design-info-label-template-we-are-hiring-join-our-team-announcement_384372-298-300x225.webp 300w,https:\/\/npf.al\/wp-content\/uploads\/2024\/08\/hiring-recruitment-open-vacancy-design-info-label-template-we-are-hiring-join-our-team-announcement_384372-298-768x576.webp 768w,https:\/\/npf.al\/wp-content\/uploads\/2024\/08\/hiring-recruitment-open-vacancy-design-info-label-template-we-are-hiring-join-our-team-announcement_384372-298-1024x768.webp 1024w,https:\/\/npf.al\/wp-content\/uploads\/2024\/08\/hiring-recruitment-open-vacancy-design-info-label-template-we-are-hiring-join-our-team-announcement_384372-298-920x690.webp 920w,https:\/\/npf.al\/wp-content\/uploads\/2024\/08\/hiring-recruitment-open-vacancy-design-info-label-template-we-are-hiring-join-our-team-announcement_384372-298-1990x1492.webp 1990w\" data-ratio=\"1.33\" data-original-w=\"2000\" sizes=\"(max-width:479px) 480px,(max-width:767px) 768px,(max-width:1023px) 1024px,920px\" \/><\/a><\/div><\/div>\n                            \n                            <div class=\"entry-main\">\n                                                        \n                                <header class=\"entry-header\">\n                                \n                                    <h4 class=\"entry-title\">\n                                        <a href=\"https:\/\/npf.al\/en\/2024\/07\/10\/konsulent-e-per-ngritjen-e-bizneseve-te-vogla\/\">\n                                            Konsulent\/e p\u00ebr ngritjen e bizneseve te vogla                                        <\/a>\n                                    <\/h4>\n                                                                    <div class=\"entry-format\">\n                                        <a href=\"https:\/\/npf.al\/en\/2024\/07\/10\/konsulent-e-per-ngritjen-e-bizneseve-te-vogla\/\">\n                                            <div class=\"post-format format-\"> <\/div>\n                                        <\/a>\n                                    <\/div>\n                                <\/header>\n                                                            \n                                <div class=\"entry-info\">\n                                                                    <div class=\"entry-date\">\n                                        <a href=\"https:\/\/npf.al\/en\/2024\/07\/10\/konsulent-e-per-ngritjen-e-bizneseve-te-vogla\/\">\n                                            <time datetime=\"2024-07-10T11:01:00+00:00\" title=\"2024-07-10T11:01:00+00:00\" >July 10, 2024<\/time>\n                                        <\/a>\n                                    <\/div>\n                                                                                                                                    <span class=\"entry-tax\">\n                                        <a href=\"https:\/\/npf.al\/en\/category\/mundesi-punesimi\/\" title=\"View all posts in Mundesi Punesimi\" rel=\"category\" >Job Opportunities<\/a>                                    <\/span>\n                                                                                                                                            <\/div>\n                            \n                                                                                        <footer class=\"entry-meta aux-after-content\">\n                                                                        <div class=\"readmore\">\n                                        <a href=\"https:\/\/npf.al\/en\/2024\/07\/10\/konsulent-e-per-ngritjen-e-bizneseve-te-vogla\/\" class=\"aux-read-more\"><span class=\"aux-read-more-text\">Read more<\/span><\/a>\n                                    <\/div>\n                                                                        <div class=\"comments-iconic\">\n                                                                            <\/div>\n                                                                    <\/footer>\n                            \n                            <\/div>\n\n                        <\/article>\n<\/div><div class=\"aux-col post-765\">\n                        <article class=\"post column-entry post-765 type-post status-publish format-standard has-post-thumbnail hentry category-mundesi-punesimi\">\n                                                        <div class=\"entry-media\"><div class=\"aux-media-frame aux-media-image aux-image-mask\"><a href=\"https:\/\/npf.al\/en\/2024\/06\/01\/konsulence-profesionale-per-implementimin-e-planeve-te-biznesit-dhemonitorimin-e-bizneseve-te-vogla-per-te-rinjte-dhe-te-rejat-perfitues-te-projektitrrugetimi-i-te-rinjve-drejt-mireqenies-f\/\"><img decoding=\"async\" src=\"https:\/\/npf.al\/wp-content\/uploads\/2024\/08\/hiring-recruitment-open-vacancy-design-info-label-template-we-are-hiring-join-our-team-announcement_384372-298-920x690.webp\" class=\"aux-attachment aux-featured-image attachment-920x690 aux-attachment-id-766\" alt=\"hiring-recruitment-open-vacancy-design-info-label-template-we-are-hiring-join-our-team-announcement_384372-298\" srcset=\"https:\/\/npf.al\/wp-content\/uploads\/2024\/08\/hiring-recruitment-open-vacancy-design-info-label-template-we-are-hiring-join-our-team-announcement_384372-298-150x113.webp 150w,https:\/\/npf.al\/wp-content\/uploads\/2024\/08\/hiring-recruitment-open-vacancy-design-info-label-template-we-are-hiring-join-our-team-announcement_384372-298-300x225.webp 300w,https:\/\/npf.al\/wp-content\/uploads\/2024\/08\/hiring-recruitment-open-vacancy-design-info-label-template-we-are-hiring-join-our-team-announcement_384372-298-768x576.webp 768w,https:\/\/npf.al\/wp-content\/uploads\/2024\/08\/hiring-recruitment-open-vacancy-design-info-label-template-we-are-hiring-join-our-team-announcement_384372-298-1024x768.webp 1024w,https:\/\/npf.al\/wp-content\/uploads\/2024\/08\/hiring-recruitment-open-vacancy-design-info-label-template-we-are-hiring-join-our-team-announcement_384372-298-920x690.webp 920w,https:\/\/npf.al\/wp-content\/uploads\/2024\/08\/hiring-recruitment-open-vacancy-design-info-label-template-we-are-hiring-join-our-team-announcement_384372-298-1990x1492.webp 1990w\" data-ratio=\"1.33\" data-original-w=\"2000\" sizes=\"(max-width:479px) 480px,(max-width:767px) 768px,(max-width:1023px) 1024px,920px\" \/><\/a><\/div><\/div>\n                            \n                            <div class=\"entry-main\">\n                                                        \n                                <header class=\"entry-header\">\n                                \n                                    <h4 class=\"entry-title\">\n                                        <a href=\"https:\/\/npf.al\/en\/2024\/06\/01\/konsulence-profesionale-per-implementimin-e-planeve-te-biznesit-dhemonitorimin-e-bizneseve-te-vogla-per-te-rinjte-dhe-te-rejat-perfitues-te-projektitrrugetimi-i-te-rinjve-drejt-mireqenies-f\/\">\n                                            Konsulence profesionale p\u00ebr implementimin e planeve t\u00eb biznesit dhemonitorimin e bizneseve t\u00eb vogla p\u00ebr t\u00eb rinjt\u00eb dhe t\u00eb rejat, p\u00ebrfitues t\u00eb projektit\u201cRrug\u00ebtimi i t\u00eb rinjve drejt mir\u00ebqenies, fuqizimit dhe q\u00ebndrueshm\u00ebris\u00eb\u201d n\u00eb Shkod\u00ebr, Dib\u00ebrdhe Elbasan                                        <\/a>\n                                    <\/h4>\n                                                                    <div class=\"entry-format\">\n                                        <a href=\"https:\/\/npf.al\/en\/2024\/06\/01\/konsulence-profesionale-per-implementimin-e-planeve-te-biznesit-dhemonitorimin-e-bizneseve-te-vogla-per-te-rinjte-dhe-te-rejat-perfitues-te-projektitrrugetimi-i-te-rinjve-drejt-mireqenies-f\/\">\n                                            <div class=\"post-format format-\"> <\/div>\n                                        <\/a>\n                                    <\/div>\n                                <\/header>\n                                                            \n                                <div class=\"entry-info\">\n                                                                    <div class=\"entry-date\">\n                                        <a href=\"https:\/\/npf.al\/en\/2024\/06\/01\/konsulence-profesionale-per-implementimin-e-planeve-te-biznesit-dhemonitorimin-e-bizneseve-te-vogla-per-te-rinjte-dhe-te-rejat-perfitues-te-projektitrrugetimi-i-te-rinjve-drejt-mireqenies-f\/\">\n                                            <time datetime=\"2024-06-01T10:59:00+00:00\" title=\"2024-06-01T10:59:00+00:00\" >June 1, 2024<\/time>\n                                        <\/a>\n                                    <\/div>\n                                                                                                                                    <span class=\"entry-tax\">\n                                        <a href=\"https:\/\/npf.al\/en\/category\/mundesi-punesimi\/\" title=\"View all posts in Mundesi Punesimi\" rel=\"category\" >Job Opportunities<\/a>                                    <\/span>\n                                                                                                                                            <\/div>\n                            \n                                                                                        <footer class=\"entry-meta aux-after-content\">\n                                                                        <div class=\"readmore\">\n                                        <a href=\"https:\/\/npf.al\/en\/2024\/06\/01\/konsulence-profesionale-per-implementimin-e-planeve-te-biznesit-dhemonitorimin-e-bizneseve-te-vogla-per-te-rinjte-dhe-te-rejat-perfitues-te-projektitrrugetimi-i-te-rinjve-drejt-mireqenies-f\/\" class=\"aux-read-more\"><span class=\"aux-read-more-text\">Read more<\/span><\/a>\n                                    <\/div>\n                                                                        <div class=\"comments-iconic\">\n                                                                            <\/div>\n                                                                    <\/footer>\n                            \n                            <\/div>\n\n                        <\/article>\n<\/div><\/div><\/section><!-- widget-container -->\t\t<\/div>\n\t\t\t\t<\/div>\n\t\t\t\t\t<\/div>\n\t\t<\/div>\n\t\t\t\t\t<\/div>\n\t\t<\/section>\n\t\t\t\t<\/div>","protected":false},"excerpt":{"rendered":"<p>Mund\u00ebsi Pun\u00ebsimi Konsulent\/e p\u00ebr ngritjen e bizneseve te vogla July 10, 2024 Mundesi Punesimi | Edit Lexo m\u00eb shum\u00eb Konsulence profesionale p\u00ebr implementimin e planeve t\u00eb biznesit dhemonitorimin e bizneseve t\u00eb vogla p\u00ebr t\u00eb rinjt\u00eb dhe t\u00eb rejat, p\u00ebrfitues t\u00eb projektit\u201cRrug\u00ebtimi i t\u00eb rinjve drejt mir\u00ebqenies, fuqizimit dhe q\u00ebndrueshm\u00ebris\u00eb\u201d n\u00eb Shkod\u00ebr, Dib\u00ebrdhe Elbasan June 1, [&hellip;]<\/p>","protected":false},"author":1,"featured_media":0,"parent":0,"menu_order":0,"comment_status":"closed","ping_status":"closed","template":"","meta":{"footnotes":""},"class_list":["post-1005","page","type-page","status-publish","hentry"],"_links":{"self":[{"href":"https:\/\/npf.al\/en\/wp-json\/wp\/v2\/pages\/1005","targetHints":{"allow":["GET"]}}],"collection":[{"href":"https:\/\/npf.al\/en\/wp-json\/wp\/v2\/pages"}],"about":[{"href":"https:\/\/npf.al\/en\/wp-json\/wp\/v2\/types\/page"}],"author":[{"embeddable":true,"href":"https:\/\/npf.al\/en\/wp-json\/wp\/v2\/users\/1"}],"replies":[{"embeddable":true,"href":"https:\/\/npf.al\/en\/wp-json\/wp\/v2\/comments?post=1005"}],"version-history":[{"count":13,"href":"https:\/\/npf.al\/en\/wp-json\/wp\/v2\/pages\/1005\/revisions"}],"predecessor-version":[{"id":1026,"href":"https:\/\/npf.al\/en\/wp-json\/wp\/v2\/pages\/1005\/revisions\/1026"}],"wp:attachment":[{"href":"https:\/\/npf.al\/en\/wp-json\/wp\/v2\/media?parent=1005"}],"curies":[{"name":"wp","href":"https:\/\/api.w.org\/{rel}","templated":true}]}}